{"id":12,"date":"2016-05-19T18:47:35","date_gmt":"2016-05-19T18:47:35","guid":{"rendered":"http:\/\/fanfarenzug-sulmingen.de\/?page_id=12"},"modified":"2023-03-08T21:24:49","modified_gmt":"2023-03-08T21:24:49","slug":"gaestebuch","status":"publish","type":"page","link":"https:\/\/fanfarenzug-sulmingen.de\/?page_id=12","title":{"rendered":"G\u00e4stebuch"},"content":{"rendered":"<p>Falls Du uns etwas zu sagen hast, trage Dich ein!<\/p>\n<p><strong>Hinweis zur Nutzung des G\u00e4stebuchs:<\/strong><br \/>\n<strong>Das G\u00e4stebuch dient f\u00fcr R\u00fcckmeldungen an den Verein, hierzu z\u00e4hlt auch Lob, konstruktive Kritik, Feedback zur Homepage etc.<\/strong><br \/>\n<strong>Zur Behandlung individueller Anfragen ist das G\u00e4stebuch nicht geeignet.<\/strong><\/p>\n<p><strong>Eintr\u00e4ge, die das Ziel verfolgen, uns oder andere zu beleidigen, oder gegen allgemein anerkannte Verhaltensregeln versto\u00dfen, werden gel\u00f6scht. Rechtliche Schritte bleiben vorbehalten. Dies gilt auch f\u00fcr Eintr\u00e4ge, die rein wirtschaftliche Zwecke verfolgen (Werbung, Spam etc.).<\/strong><\/p>\n<p>Der Eintrag wird von uns freigeschaltet (kann eine Weile dauern). Erst danach wird er sichtbar.<\/p>\n<div class=\"gwolle-gb\"><div class=\"gwolle_gb_messages_top_container\"><\/div>\n\t\t\t<div class=\"gwolle-gb-write-button\">\n\t\t\t\t<input type=\"button\" name=\"gwolle-gb-write-button\" class=\"button btn btn-default \" value=\"Neuen Eintrag schreiben\" \/>\n\t\t\t<\/div>\n\t\t\t<form action=\"#\" method=\"POST\" class=\"gwolle-gb-write gwolle-gb-hide gwolle-gb-float gwolle_gb_form_ajax gwolle-gb-form-ajax gwolle-gb-ajax gwolle-gb-not-logged-in\">\n\t\t\t\t<h3>Einen neuen Eintrag f\u00fcr das G\u00e4stebuch schreiben<\/h3>\n\t\t\t\t<button type=\"button\" class=\"gb-notice-dismiss\">x<span class=\"screen-reader-text\">Dieses Formular ausblenden<\/span><\/button>\n\t\t\t\n\t\t\t\t<input type=\"hidden\" name=\"gwolle_gb_function\" class=\"gwolle_gb_function\" value=\"add_entry\" \/><input type=\"hidden\" name=\"gwolle_gb_book_id\" class=\"gwolle_gb_book_id\" value=\"1\" \/><div class=\"gwolle_gb_ac3f63c4e855879a2577653da32a0b8a\">\n\t\t\t\t<div class=\"label\"><label for=\"gwolle_gb_ac3f63c4e855879a2577653da32a0b8a-1\" class=\"text-info\">Name <span class=\"required\">*<\/span><\/label><\/div>\n\t\t\t\t<div class=\"input\"><input class=\"wp-exclude-emoji gwolle_gb_ac3f63c4e855879a2577653da32a0b8a\" value=\"\" type=\"text\" id=\"gwolle_gb_ac3f63c4e855879a2577653da32a0b8a-1\" name=\"gwolle_gb_ac3f63c4e855879a2577653da32a0b8a\" required \/><\/div>\n\t\t\t\t<div class=\"clearBoth\">&nbsp;<\/div>\n\t\t\t<\/div><div class=\"gwolle_gb_f5d0be39d42763763716e48a16630bab\">\n\t\t\t\t\t<div class=\"label\"><label for=\"gwolle_gb_f5d0be39d42763763716e48a16630bab-1\" class=\"text-info\">Ort<\/label><\/div>\n\t\t\t\t\t<div class=\"input\"><input class=\"wp-exclude-emoji gwolle_gb_f5d0be39d42763763716e48a16630bab\" value=\"\" type=\"text\" id=\"gwolle_gb_f5d0be39d42763763716e48a16630bab-1\" name=\"gwolle_gb_f5d0be39d42763763716e48a16630bab\" \/><\/div>\n\t\t\t\t\t<div class=\"clearBoth\">&nbsp;<\/div>\n\t\t\t\t<\/div><div class=\"gwolle_gb_cbb0d8a0eace63c3b23f045b80cf6162\">\n\t\t\t\t<div class=\"label\"><label for=\"gwolle_gb_cbb0d8a0eace63c3b23f045b80cf6162-1\" class=\"text-info\">E-Mail <span class=\"required\">*<\/span><\/label><\/div>\n\t\t\t\t<div class=\"input\"><input class=\"gwolle_gb_cbb0d8a0eace63c3b23f045b80cf6162\" value=\"\" type=\"email\" id=\"gwolle_gb_cbb0d8a0eace63c3b23f045b80cf6162-1\" name=\"gwolle_gb_cbb0d8a0eace63c3b23f045b80cf6162\" required \/><\/div>\n\t\t\t\t<div class=\"clearBoth\">&nbsp;<\/div>\n\t\t\t<\/div>\n\t\t\t<div class=\"gwolle_gb_90e3accd4710492c27ec9b9017e4f300\" style=\"display:none;overflow:hidden;\" hidden=\"true\" aria-hidden=\"true\">\n\t\t\t\t<div class=\"label\">\n\t\t\t\t\t<label for=\"gwolle_gb_90e3accd4710492c27ec9b9017e4f300-1\" class=\"text-primary\">Hier nichts eingeben<\/label>\n\t\t\t\t\t<label for=\"gwolle_gb_4edd320c6d51dc41dd602ed5e3ea326d-1\" class=\"text-primary\">Hier nichts eingeben<\/label>\n\t\t\t\t<\/div>\n\t\t\t\t<div class=\"input\">\n\t\t\t\t\t<input value=\"50\" type=\"text\" id=\"gwolle_gb_90e3accd4710492c27ec9b9017e4f300-1\" name=\"gwolle_gb_90e3accd4710492c27ec9b9017e4f300\" class=\"gwolle_gb_90e3accd4710492c27ec9b9017e4f300\" style=\"transform: translateY(10000px);\" \/>\n\t\t\t\t\t<input value=\"\" type=\"text\" name=\"gwolle_gb_4edd320c6d51dc41dd602ed5e3ea326d\" id=\"gwolle_gb_4edd320c6d51dc41dd602ed5e3ea326d-1\" class=\"gwolle_gb_4edd320c6d51dc41dd602ed5e3ea326d\" style=\"transform: translateY(10000px);\" \/>\n\t\t\t\t<\/div>\n\t\t\t\t<div class=\"clearBoth\"><\/div>\n\t\t\t<\/div>\n\t\t\t<div class=\"gwolle_gb_d3b729e35c5cd8281332ab41b97857f7\" style=\"display:none;overflow:hidden;\" hidden=\"true\" aria-hidden=\"true\">\n\t\t\t\t<div class=\"label\">\n\t\t\t\t\t<label for=\"gwolle_gb_d3b729e35c5cd8281332ab41b97857f7-1\" class=\"text-primary\">Hier nichts eingeben<\/label>\n\t\t\t\t\t<label for=\"gwolle_gb_9df9c3235ec07781dfd6091b0375fc1a-1\" class=\"text-primary\">Hier nichts eingeben<\/label>\n\t\t\t\t<\/div>\n\t\t\t\t<div class=\"input\">\n\t\t\t\t\t<input value=\"90649\" type=\"text\" id=\"gwolle_gb_d3b729e35c5cd8281332ab41b97857f7-1\" name=\"gwolle_gb_d3b729e35c5cd8281332ab41b97857f7\" class=\"gwolle_gb_d3b729e35c5cd8281332ab41b97857f7\" style=\"transform: translateY(10000px);\" \/>\n\t\t\t\t\t<input value=\"90649\" type=\"text\"id=\"gwolle_gb_9df9c3235ec07781dfd6091b0375fc1a-1\" name=\"gwolle_gb_9df9c3235ec07781dfd6091b0375fc1a\" class=\"gwolle_gb_9df9c3235ec07781dfd6091b0375fc1a\" style=\"transform: translateY(10000px);\" \/>\n\t\t\t\t<\/div>\n\t\t\t\t<div class=\"clearBoth\"><\/div>\n\t\t\t<\/div><div class=\"gwolle_gb_content\">\n\t\t\t\t<div class=\"label\"><label for=\"gwolle_gb_content-1\" class=\"text-info\">G\u00e4stebucheintrag <span class=\"required\">*<\/span><\/label><\/div>\n\t\t\t\t<div class=\"input\"><textarea id=\"gwolle_gb_content-1\" name=\"gwolle_gb_content\" class=\"gwolle_gb_content wp-exclude-emoji maxlength maxlength-500\" required ><\/textarea><span class=\"gb-max-length-text\"><span class=\"gb-used-characters\">0<\/span>\/<span class=\"gb-max-characters\">500<\/span> Zeichen<\/span><\/div>\n\t\t\t\t\t<div class=\"clearBoth\">&nbsp;<\/div>\n\t\t\t\t<\/div><input type=\"hidden\" class=\"gwolle_gb_a19a1a97d91795f9ee8bd22dae6ca9c8\" id=\"gwolle_gb_a19a1a97d91795f9ee8bd22dae6ca9c8-1\" name=\"gwolle_gb_a19a1a97d91795f9ee8bd22dae6ca9c8\" value=\"e135c883c1\" \/>\n\t\t\t<div class=\"gwolle_gb_messages_bottom_container\"><\/div>\n\n\t\t\t<noscript><div class=\"no-js\">Warnung: Dieses Formular kann nur verwendet werden, wenn in deinem Browser JavaScript aktiviert ist.<\/div><\/noscript>\n\n\t\t\t<div class=\"gwolle_gb_submit\">\n\t\t\t\t<div class=\"label gwolle-gb-invisible text-muted\">&nbsp;<\/div>\n\t\t\t\t<div class=\"input\">\n\t\t\t\t\t<input type=\"submit\" name=\"gwolle_gb_submit\" class=\"gwolle_gb_submit button btn btn-primary \" value=\"Absenden\" \/>\n\t\t\t\t\t<span class=\"gwolle_gb_submit_ajax_icon\"><\/span>\n\t\t\t\n\t\t\t\t<\/div>\n\t\t\t\t<div class=\"clearBoth\">&nbsp;<\/div>\n\t\t\t<\/div>\n\n\t\t\t<div class=\"gwolle_gb_notice\">\n\t\t\t\tMit * gekennzeichnete Felder sind erforderlich.<br \/>\r\nDeine E-Mail-Adresse wird nicht ver\u00f6ffentlicht.<br \/>\r\nDein Eintrag im G\u00e4stebuch ist erst sichtbar, nachdem wir ihn \u00fcberpr\u00fcft und freigeschaltet haben.<br \/>\r\nWir behalten uns vor, Eintr\u00e4ge zu bearbeiten, zu l\u00f6schen oder nicht zu ver\u00f6ffentlichen.\n\t\t\t<\/div><\/form><div class=\"gwolle-gb-read gwolle-gb-ajax gwolle-gb-entries-list\" data-book_id=\"1\">(Noch keine Eintr\u00e4ge)<\/div><\/div>\n","protected":false},"excerpt":{"rendered":"<p>Falls Du uns etwas zu sagen hast, trage Dich ein! Hinweis zur Nutzung des G\u00e4stebuchs: Das G\u00e4stebuch dient f\u00fcr R\u00fcckmeldungen an den Verein, hierzu z\u00e4hlt auch Lob, konstruktive Kritik, Feedback zur Homepage etc. Zur Behandlung individueller Anfragen ist das G\u00e4stebuch nicht geeignet. Eintr\u00e4ge, die das Ziel verfolgen, uns oder andere zu beleidigen, oder gegen allgemein &hellip; <\/p>\n<p class=\"link-more\"><a href=\"https:\/\/fanfarenzug-sulmingen.de\/?page_id=12\" class=\"more-link\">Mehr <span class=\"screen-reader-text\">\u00fcber &#8222;G\u00e4stebuch&#8220; <\/span>Lesen<\/a><\/p>\n","protected":false},"author":1,"featured_media":0,"parent":0,"menu_order":0,"comment_status":"closed","ping_status":"closed","template":"","meta":{"inspiro_hide_title":false,"footnotes":""},"class_list":["post-12","page","type-page","status-publish","hentry"],"featured_media_urls":[],"_links":{"self":[{"href":"https:\/\/fanfarenzug-sulmingen.de\/index.php?rest_route=\/wp\/v2\/pages\/12","targetHints":{"allow":["GET"]}}],"collection":[{"href":"https:\/\/fanfarenzug-sulmingen.de\/index.php?rest_route=\/wp\/v2\/pages"}],"about":[{"href":"https:\/\/fanfarenzug-sulmingen.de\/index.php?rest_route=\/wp\/v2\/types\/page"}],"author":[{"embeddable":true,"href":"https:\/\/fanfarenzug-sulmingen.de\/index.php?rest_route=\/wp\/v2\/users\/1"}],"replies":[{"embeddable":true,"href":"https:\/\/fanfarenzug-sulmingen.de\/index.php?rest_route=%2Fwp%2Fv2%2Fcomments&post=12"}],"version-history":[{"count":3,"href":"https:\/\/fanfarenzug-sulmingen.de\/index.php?rest_route=\/wp\/v2\/pages\/12\/revisions"}],"predecessor-version":[{"id":6872,"href":"https:\/\/fanfarenzug-sulmingen.de\/index.php?rest_route=\/wp\/v2\/pages\/12\/revisions\/6872"}],"wp:attachment":[{"href":"https:\/\/fanfarenzug-sulmingen.de\/index.php?rest_route=%2Fwp%2Fv2%2Fmedia&parent=12"}],"curies":[{"name":"wp","href":"https:\/\/api.w.org\/{rel}","templated":true}]}}